{"id":57,"date":"2015-03-16T16:08:24","date_gmt":"2015-03-16T15:08:24","guid":{"rendered":"http:\/\/chazproductions.fr\/fr\/?page_id=57"},"modified":"2025-02-12T10:20:17","modified_gmt":"2025-02-12T09:20:17","slug":"presentation","status":"publish","type":"page","link":"https:\/\/chazproductions.fr\/fr\/?page_id=57","title":{"rendered":"Pr\u00e9sentation"},"content":{"rendered":"<table>\n<tbody>\n<tr>\n<td valign=\"top\" width=\"600px\">CHAZ Productions est une soci\u00e9t\u00e9 de production ind\u00e9pendante, dirig\u00e9e par Elisabeth Perez depuis 2009. La structure compte \u00e0 son actif la production de :<\/p>\n<ul>\n<li>Une trentaine de courts-m\u00e9trages s\u00e9lectionn\u00e9s dans de nombreux festivals (notamment\u00a0<strong><em>Animal Serenade\u00a0<\/em><\/strong>de B\u00e9ryl Peillard, Prix du meilleur court-m\u00e9trage 2014 du Syndicat Fran\u00e7ais de la Critique)<\/li>\n<\/ul>\n<ul>\n<li>Une dizaine de documentaires (parmi eux\u00a0<strong><em>Fille ou gar\u00e7on, mon sexe n\u2019est pas mon genre\u00a0<\/em><\/strong>de Val\u00e9rie Mitteaux, <strong><em>No land\u2019s song\u00a0<\/em><\/strong>du cin\u00e9aste iranien Ayat Najafi, sorti en salle en 2016 et largement diffus\u00e9s \u00e0 l\u2019international et<strong> L&rsquo;Homme aux milles visages<\/strong> de Sonia Kronlund sorti en salles en 2024)<\/li>\n<\/ul>\n<ul>\n<li>Cinq longs-m\u00e9trages remarqu\u00e9s :\n<ul>\n<li><strong><em>Max &amp; Lenny\u00a0<\/em><\/strong>de Fred Nicolas<\/li>\n<li><strong><em>La belle saison\u00a0<\/em><\/strong>de Catherine Corsini avec C\u00e9cile de France et Iz\u00efa Higelin, dont la belle carri\u00e8re en festivals a d\u00e9but\u00e9 \u00e0 Locarno (Prix de la Piazza Grande) et Toronto<\/li>\n<li><strong><em>Jours de France<\/em><\/strong>\u00a0de J\u00e9r\u00f4me Reybaud, en comp\u00e9tition \u00e0 la Semaine Internationale de la Critique de Venise en 2016<\/li>\n<li><strong><em>Un amour impossible\u00a0<\/em><\/strong>de Catherine Corsini, adapt\u00e9 du roman \u00e9ponyme de Christine Angot, avec\u00a0Virginie Efira et Niels Schneider, nomm\u00e9 dans 4 cat\u00e9gories aux C\u00e9sar 2019<\/li>\n<li><strong><em>La Fracture\u00a0<\/em><\/strong>de Catherine Corsini avec Valeria Bruni Tedeschi, Marina Fo\u00efs et Pio Marma\u00ef, en comp\u00e9tition officielle au Festival de Cannes 2021 et nomm\u00e9 dans 7 cat\u00e9gories aux C\u00e9sar 2022 (dont le prix de la meilleure actrice dans un second r\u00f4le pour A\u00efssatou Diallo Sagna)<\/li>\n<li><strong><em>Le Retour\u00a0<\/em><\/strong>de Catherine Corsini avec Esther Gohourou, Lomane de Dietrich, Suzy Bemba, en comp\u00e9tition officielle au festival de Cannes 2023<\/li>\n<\/ul>\n<\/li>\n<\/ul>\n<p>CHAZ Productions d\u00e9veloppe actuellement des longs-m\u00e9trages avec S\u00e9bastien Jousse et Catherine Corsini.<\/p>\n<p>Nous d\u00e9fendons un cin\u00e9ma d\u2019auteur exigeant et populaire tout en soutenant une diversit\u00e9 de genres et de formats. Le point commun qu\u2019il y a peut-\u00eatre entre nos projets est qu\u2019ils s\u2019inscrivent, sur le fond, dans une r\u00e9alit\u00e9 politique et sociale, mais avec des formes et des esth\u00e9tiques diverses. Si la question de l\u2019engagement ou l\u2019exploration de la marge et de la diff\u00e9rence sont souvent au c\u0153ur des sujets et des projets qui nous int\u00e9ressent, nos choix sont \u00e9clectiques et avant tout li\u00e9s \u00e0 des rencontres avec des auteurs et leurs univers. La soci\u00e9t\u00e9 a \u00e9t\u00e9 r\u00e9compens\u00e9e par le Troph\u00e9e Duo Cin\u00e9ma du Film Fran\u00e7ais en 2016 pour\u00a0<strong><em>La belle saison.<\/em><\/strong><\/td>\n<td width=\"80px\"><\/td>\n<td valign=\"top\" width=\"300px\"><img decoding=\"async\" class=\"alignnone size-full wp-image-19\" src=\"https:\/\/chazproductions.fr\/fr\/wp-content\/uploads\/2015\/03\/logoblanc.jpg\" alt=\"logoblanc\" width=\"100\" \/><\/p>\n<h2>EQUIPE<\/h2>\n<ul>\n<li>Elisabeth Perez, g\u00e9rante-productrice<\/li>\n<li>Lucas Lasselin, charg\u00e9 de production<\/li>\n<li>Pascal Henriquet, comptable<\/li>\n<\/ul>\n<\/td>\n<\/tr>\n<\/tbody>\n<\/table>\n","protected":false},"excerpt":{"rendered":"<p>CHAZ Productions est une soci\u00e9t\u00e9 de production ind\u00e9pendante, dirig\u00e9e par Elisabeth Perez depuis 2009. La structure compte \u00e0 son actif la production de : Une trentaine de courts-m\u00e9trages s\u00e9lectionn\u00e9s dans de nombreux festivals (notamment\u00a0Animal Serenade\u00a0de B\u00e9ryl Peillard, Prix du meilleur court-m\u00e9trage 2014 du Syndicat Fran\u00e7ais de la Critique) Une dizaine de documentaires (parmi eux\u00a0Fille ou&#8230;<\/p>\n","protected":false},"author":1,"featured_media":0,"parent":0,"menu_order":0,"comment_status":"closed","ping_status":"closed","template":"templates\/fullwidth.php","meta":{"_acf_changed":false,"footnotes":""},"class_list":["post-57","page","type-page","status-publish","hentry"],"acf":[],"_links":{"self":[{"href":"https:\/\/chazproductions.fr\/fr\/index.php?rest_route=\/wp\/v2\/pages\/57","targetHints":{"allow":["GET"]}}],"collection":[{"href":"https:\/\/chazproductions.fr\/fr\/index.php?rest_route=\/wp\/v2\/pages"}],"about":[{"href":"https:\/\/chazproductions.fr\/fr\/index.php?rest_route=\/wp\/v2\/types\/page"}],"author":[{"embeddable":true,"href":"https:\/\/chazproductions.fr\/fr\/index.php?rest_route=\/wp\/v2\/users\/1"}],"replies":[{"embeddable":true,"href":"https:\/\/chazproductions.fr\/fr\/index.php?rest_route=%2Fwp%2Fv2%2Fcomments&post=57"}],"version-history":[{"count":76,"href":"https:\/\/chazproductions.fr\/fr\/index.php?rest_route=\/wp\/v2\/pages\/57\/revisions"}],"predecessor-version":[{"id":1848,"href":"https:\/\/chazproductions.fr\/fr\/index.php?rest_route=\/wp\/v2\/pages\/57\/revisions\/1848"}],"wp:attachment":[{"href":"https:\/\/chazproductions.fr\/fr\/index.php?rest_route=%2Fwp%2Fv2%2Fmedia&parent=57"}],"curies":[{"name":"wp","href":"https:\/\/api.w.org\/{rel}","templated":true}]}}